{"id":875,"date":"2020-03-24T12:55:32","date_gmt":"2020-03-24T11:55:32","guid":{"rendered":"https:\/\/ninakleinert.de\/?page_id=875"},"modified":"2021-01-11T21:02:05","modified_gmt":"2021-01-11T20:02:05","slug":"imprint","status":"publish","type":"page","link":"https:\/\/ninakleinert.de\/de\/imprint\/","title":{"rendered":"Impressum"},"content":{"rendered":"<p>Nina Kleinert<br \/>\nLudgerusstra\u00dfe 11<br \/>\n40225 D\u00fcsseldorf<\/p>\n<p>+49 177 7816690<br \/>\nhello@ninakleinert.de<br \/>\nninakleinert.de<\/p>\n<p>Website<br \/>\nDesign: Nina Kleinert<br \/>\nCoding: Andr\u00e9 L\u00f6tzgen<\/p>\n<p>Die hier gezeigten Arbeiten und Texte sind Eigentum von Nina Kleinert und d\u00fcrfen ohne Einverst\u00e4ndnis weder kopiert, vervielf\u00e4ltigt noch bearbeitet werden.<\/p>\n<p>Haftungsausschluss<br \/>\nDiese Website enth\u00e4lt Links zu externen Seiten, f\u00fcr deren Inhalt ausschlie\u00dflich die jeweiligen Anbieter bzw. Betreiber verantwortlich sind. Trotz sorgf\u00e4ltiger Pr\u00fcfung zum Zeitpunkt der Verlinkung wird keine Haftung f\u00fcr Inhalte dieser Seiten \u00fcbernommen.<\/p>\n<p>Haftung fu\u0308r Inhalte<br \/>\nAls Diensteanbieter sind wir gem\u00e4\u00df \u00a7 7 Abs.1 TMG fu\u0308r eigene Inhalte auf diesen Seiten nach den allgemeinen Gesetzen verantwortlich. Nach \u00a7\u00a7 8 bis 10 TMG sind wir als Diensteanbieter jedoch nicht verpflichtet, u\u0308bermittelte oder gespeicherte fremde Informationen zu u\u0308berwachen oder nach Umst\u00e4nden zu forschen, die auf eine rechtswidrige T\u00e4tigkeit hinweisen. Verpflichtungen zur Entfernung oder Sperrung der Nutzung von Informationen nach den allgemeinen Gesetzen bleiben hiervon unberu\u0308hrt. Eine diesbezu\u0308gliche Haftung ist jedoch erst ab dem Zeitpunkt der Kenntnis einer konkreten Rechtsverletzung m\u00f6glich. Bei Bekanntwerden von entsprechenden Rechtsverletzungen werden wir diese Inhalte umgehend entfernen.<\/p>\n<p>Haftung fu\u0308r Links<br \/>\nUnser Angebot enth\u00e4lt Links zu externen Websites Dritter, auf deren Inhalte wir keinen Einfluss haben. Deshalb k\u00f6nnen wir fu\u0308r diese fremden Inhalte auch keine Gew\u00e4hr u\u0308bernehmen. Fu\u0308r die Inhalte der verlinkten Seiten ist stets der jeweilige Anbieter oder Betreiber der Seiten verantwortlich. Die verlinkten Seiten wurden zum Zeitpunkt der Verlinkung auf m\u00f6gliche Rechtsverst\u00f6\u00dfe u\u0308berpru\u0308ft. Rechtswidrige Inhalte waren zum Zeitpunkt der Verlinkung nicht erkennbar. Eine permanente inhaltliche Kontrolle der verlinkten Seiten ist jedoch ohne konkrete Anhaltspunkte einer Rechtsverletzung nicht zumutbar. Bei Bekanntwerden von Rechtsverletzungen werden wir derartige Links<br \/>\numgehend entfernen.<\/p>\n<p>Urheberrecht<br \/>\nDie durch die Seitenbetreiber erstellten Inhalte und Werke auf diesen Seiten unterliegen dem deutschen Urheberrecht. Die Vervielf\u00e4ltigung, Bearbeitung, Verbreitung und jede Art der Verwertung au\u00dferhalb der Grenzen des Urheberrechtes bedu\u0308rfen der schriftlichen Zustimmung des jeweiligen Autors bzw. Erstellers. Downloads und Kopien dieser Seite sind nur fu\u0308r den privaten, nicht kommerziellen Gebrauch gestattet. Soweit die Inhalte auf dieser Seite nicht vom Betreiber erstellt wurden, werden die Urheberrechte Dritter beachtet. Insbesondere werden Inhalte Dritter als solche gekennzeichnet. Sollten Sie trotzdem auf eine Urheberrechtsverletzung aufmerksam werden, bitten wir um einen entsprechenden Hinweis. Bei Bekanntwerden von Rechtsverletzungen werden wir derartige Inhalte umgehend entfernen.<\/p>\n","protected":false},"excerpt":{"rendered":"<p>Nina Kleinert Ludgerusstra\u00dfe 11 40225 D\u00fcsseldorf +49 177 7816690 hello@ninakleinert.de ninakleinert.de Website Design: Nina Kleinert Coding: Andr\u00e9 L\u00f6tzgen Die hier gezeigten Arbeiten und Texte sind Eigentum von Nina Kleinert und d\u00fcrfen ohne Einverst\u00e4ndnis weder kopiert, vervielf\u00e4ltigt noch bearbeitet werden. Haftungsausschluss Diese Website enth\u00e4lt Links zu externen Seiten, f\u00fcr deren Inhalt ausschlie\u00dflich die jeweiligen Anbieter bzw. [&hellip;]<\/p>\n","protected":false},"author":2,"featured_media":0,"parent":0,"menu_order":0,"comment_status":"closed","ping_status":"closed","template":"","meta":{"_acf_changed":false,"footnotes":""},"class_list":["post-875","page","type-page","status-publish","hentry"],"acf":[],"yoast_head":"<!-- This site is optimized with the Yoast SEO plugin v27.3 - https:\/\/yoast.com\/product\/yoast-seo-wordpress\/ -->\n<title>Impressum - ninakleinert.de<\/title>\n<meta name=\"description\" content=\"Impressum ninakleinert.de\" \/>\n<meta name=\"robots\" content=\"index, follow, max-snippet:-1, max-image-preview:large, max-video-preview:-1\" \/>\n<link rel=\"canonical\" href=\"https:\/\/ninakleinert.de\/de\/imprint\/\" \/>\n<meta property=\"og:locale\" content=\"de_DE\" \/>\n<meta property=\"og:type\" content=\"article\" \/>\n<meta property=\"og:title\" content=\"Impressum - ninakleinert.de\" \/>\n<meta property=\"og:description\" content=\"Impressum ninakleinert.de\" \/>\n<meta property=\"og:url\" content=\"https:\/\/ninakleinert.de\/de\/imprint\/\" \/>\n<meta property=\"og:site_name\" content=\"ninakleinert.de\" \/>\n<meta property=\"article:modified_time\" content=\"2021-01-11T20:02:05+00:00\" \/>\n<meta name=\"twitter:card\" content=\"summary_large_image\" \/>\n<meta name=\"twitter:label1\" content=\"Gesch\u00e4tzte Lesezeit\" \/>\n\t<meta name=\"twitter:data1\" content=\"2\u00a0Minuten\" \/>\n<script type=\"application\/ld+json\" class=\"yoast-schema-graph\">{\"@context\":\"https:\\\/\\\/schema.org\",\"@graph\":[{\"@type\":\"WebPage\",\"@id\":\"https:\\\/\\\/ninakleinert.de\\\/de\\\/imprint\\\/\",\"url\":\"https:\\\/\\\/ninakleinert.de\\\/de\\\/imprint\\\/\",\"name\":\"Impressum - ninakleinert.de\",\"isPartOf\":{\"@id\":\"https:\\\/\\\/ninakleinert.de\\\/#website\"},\"datePublished\":\"2020-03-24T11:55:32+00:00\",\"dateModified\":\"2021-01-11T20:02:05+00:00\",\"description\":\"Impressum ninakleinert.de\",\"breadcrumb\":{\"@id\":\"https:\\\/\\\/ninakleinert.de\\\/de\\\/imprint\\\/#breadcrumb\"},\"inLanguage\":\"de\",\"potentialAction\":[{\"@type\":\"ReadAction\",\"target\":[\"https:\\\/\\\/ninakleinert.de\\\/de\\\/imprint\\\/\"]}]},{\"@type\":\"BreadcrumbList\",\"@id\":\"https:\\\/\\\/ninakleinert.de\\\/de\\\/imprint\\\/#breadcrumb\",\"itemListElement\":[{\"@type\":\"ListItem\",\"position\":1,\"name\":\"Home\",\"item\":\"https:\\\/\\\/ninakleinert.de\\\/\"},{\"@type\":\"ListItem\",\"position\":2,\"name\":\"Impressum\"}]},{\"@type\":\"WebSite\",\"@id\":\"https:\\\/\\\/ninakleinert.de\\\/#website\",\"url\":\"https:\\\/\\\/ninakleinert.de\\\/\",\"name\":\"ninakleinert.de\",\"description\":\"\",\"publisher\":{\"@id\":\"https:\\\/\\\/ninakleinert.de\\\/#\\\/schema\\\/person\\\/cbb956cc36920d2e01acd76ccdb50bc1\"},\"potentialAction\":[{\"@type\":\"SearchAction\",\"target\":{\"@type\":\"EntryPoint\",\"urlTemplate\":\"https:\\\/\\\/ninakleinert.de\\\/?s={search_term_string}\"},\"query-input\":{\"@type\":\"PropertyValueSpecification\",\"valueRequired\":true,\"valueName\":\"search_term_string\"}}],\"inLanguage\":\"de\"},{\"@type\":[\"Person\",\"Organization\"],\"@id\":\"https:\\\/\\\/ninakleinert.de\\\/#\\\/schema\\\/person\\\/cbb956cc36920d2e01acd76ccdb50bc1\",\"name\":\"Nina Kleinert\",\"image\":{\"@type\":\"ImageObject\",\"inLanguage\":\"de\",\"@id\":\"https:\\\/\\\/secure.gravatar.com\\\/avatar\\\/a0ed957095b16c1bf71164898c664bd5a9754a35b4c88d1e0d18108c51002f46?s=96&d=mm&r=g\",\"url\":\"https:\\\/\\\/secure.gravatar.com\\\/avatar\\\/a0ed957095b16c1bf71164898c664bd5a9754a35b4c88d1e0d18108c51002f46?s=96&d=mm&r=g\",\"contentUrl\":\"https:\\\/\\\/secure.gravatar.com\\\/avatar\\\/a0ed957095b16c1bf71164898c664bd5a9754a35b4c88d1e0d18108c51002f46?s=96&d=mm&r=g\",\"caption\":\"Nina Kleinert\"},\"logo\":{\"@id\":\"https:\\\/\\\/secure.gravatar.com\\\/avatar\\\/a0ed957095b16c1bf71164898c664bd5a9754a35b4c88d1e0d18108c51002f46?s=96&d=mm&r=g\"},\"sameAs\":[\"https:\\\/\\\/ninakleinert.de\"]}]}<\/script>\n<!-- \/ Yoast SEO plugin. -->","yoast_head_json":{"title":"Impressum - ninakleinert.de","description":"Impressum ninakleinert.de","robots":{"index":"index","follow":"follow","max-snippet":"max-snippet:-1","max-image-preview":"max-image-preview:large","max-video-preview":"max-video-preview:-1"},"canonical":"https:\/\/ninakleinert.de\/de\/imprint\/","og_locale":"de_DE","og_type":"article","og_title":"Impressum - ninakleinert.de","og_description":"Impressum ninakleinert.de","og_url":"https:\/\/ninakleinert.de\/de\/imprint\/","og_site_name":"ninakleinert.de","article_modified_time":"2021-01-11T20:02:05+00:00","twitter_card":"summary_large_image","twitter_misc":{"Gesch\u00e4tzte Lesezeit":"2\u00a0Minuten"},"schema":{"@context":"https:\/\/schema.org","@graph":[{"@type":"WebPage","@id":"https:\/\/ninakleinert.de\/de\/imprint\/","url":"https:\/\/ninakleinert.de\/de\/imprint\/","name":"Impressum - ninakleinert.de","isPartOf":{"@id":"https:\/\/ninakleinert.de\/#website"},"datePublished":"2020-03-24T11:55:32+00:00","dateModified":"2021-01-11T20:02:05+00:00","description":"Impressum ninakleinert.de","breadcrumb":{"@id":"https:\/\/ninakleinert.de\/de\/imprint\/#breadcrumb"},"inLanguage":"de","potentialAction":[{"@type":"ReadAction","target":["https:\/\/ninakleinert.de\/de\/imprint\/"]}]},{"@type":"BreadcrumbList","@id":"https:\/\/ninakleinert.de\/de\/imprint\/#breadcrumb","itemListElement":[{"@type":"ListItem","position":1,"name":"Home","item":"https:\/\/ninakleinert.de\/"},{"@type":"ListItem","position":2,"name":"Impressum"}]},{"@type":"WebSite","@id":"https:\/\/ninakleinert.de\/#website","url":"https:\/\/ninakleinert.de\/","name":"ninakleinert.de","description":"","publisher":{"@id":"https:\/\/ninakleinert.de\/#\/schema\/person\/cbb956cc36920d2e01acd76ccdb50bc1"},"potentialAction":[{"@type":"SearchAction","target":{"@type":"EntryPoint","urlTemplate":"https:\/\/ninakleinert.de\/?s={search_term_string}"},"query-input":{"@type":"PropertyValueSpecification","valueRequired":true,"valueName":"search_term_string"}}],"inLanguage":"de"},{"@type":["Person","Organization"],"@id":"https:\/\/ninakleinert.de\/#\/schema\/person\/cbb956cc36920d2e01acd76ccdb50bc1","name":"Nina Kleinert","image":{"@type":"ImageObject","inLanguage":"de","@id":"https:\/\/secure.gravatar.com\/avatar\/a0ed957095b16c1bf71164898c664bd5a9754a35b4c88d1e0d18108c51002f46?s=96&d=mm&r=g","url":"https:\/\/secure.gravatar.com\/avatar\/a0ed957095b16c1bf71164898c664bd5a9754a35b4c88d1e0d18108c51002f46?s=96&d=mm&r=g","contentUrl":"https:\/\/secure.gravatar.com\/avatar\/a0ed957095b16c1bf71164898c664bd5a9754a35b4c88d1e0d18108c51002f46?s=96&d=mm&r=g","caption":"Nina Kleinert"},"logo":{"@id":"https:\/\/secure.gravatar.com\/avatar\/a0ed957095b16c1bf71164898c664bd5a9754a35b4c88d1e0d18108c51002f46?s=96&d=mm&r=g"},"sameAs":["https:\/\/ninakleinert.de"]}]}},"_links":{"self":[{"href":"https:\/\/ninakleinert.de\/de\/wp-json\/wp\/v2\/pages\/875","targetHints":{"allow":["GET"]}}],"collection":[{"href":"https:\/\/ninakleinert.de\/de\/wp-json\/wp\/v2\/pages"}],"about":[{"href":"https:\/\/ninakleinert.de\/de\/wp-json\/wp\/v2\/types\/page"}],"author":[{"embeddable":true,"href":"https:\/\/ninakleinert.de\/de\/wp-json\/wp\/v2\/users\/2"}],"replies":[{"embeddable":true,"href":"https:\/\/ninakleinert.de\/de\/wp-json\/wp\/v2\/comments?post=875"}],"version-history":[{"count":5,"href":"https:\/\/ninakleinert.de\/de\/wp-json\/wp\/v2\/pages\/875\/revisions"}],"predecessor-version":[{"id":941,"href":"https:\/\/ninakleinert.de\/de\/wp-json\/wp\/v2\/pages\/875\/revisions\/941"}],"wp:attachment":[{"href":"https:\/\/ninakleinert.de\/de\/wp-json\/wp\/v2\/media?parent=875"}],"curies":[{"name":"wp","href":"https:\/\/api.w.org\/{rel}","templated":true}]}}